{"id":59977,"date":"2024-04-22T11:28:53","date_gmt":"2024-04-22T08:28:53","guid":{"rendered":"https:\/\/www.standard.ee\/?page_id=59977"},"modified":"2026-04-27T15:04:34","modified_gmt":"2026-04-27T12:04:34","slug":"privaatsuspoliitika","status":"publish","type":"page","link":"https:\/\/www.standard.ee\/en\/privaatsuspoliitika\/","title":{"rendered":"Privaatsuspoliitika"},"content":{"rendered":"\n<p>Teie privaatsuse ja isikuandmete kaitsmine on oluline teema, millele p\u00f6\u00f6rame t\u00e4helepanu k\u00f5igis oma \u00e4risuhetes. Austame teie isikuandmete konfidentsiaalsust ja tegutseme alati koosk\u00f5las andmekaitseseaduse ja k\u00e4esoleva privaatsuspoliitikaga.<\/p>\n\n\n\n<p><strong>1. Privaatsuspoliitika ulatus<\/strong><\/p>\n\n\n\n<p>K\u00e4esoleva privaatsuspoliitika eesm\u00e4rk on anda teavet selle kohta, kuidas AS Standard (edaspidi Standard) kasutab isikuandmeid, millist teavet kasutajate kohta kogutakse Standardi veebisaitidel, veebirakendustes ja mobiiliplatvormidel (veebiteenused), mida seej\u00e4rel anal\u00fc\u00fcsitakse ja kasutatakse, mida on saadetud kolmandatele isikutele v\u00f5i muul viisil t\u00f6\u00f6deldud. See privaatsuspoliitika kehtib Standardile. Poliitika ei laiene ettev\u00f5tete tavalistele veebiteenustele, millele kehtivad nende endi privaatsuspoliitikad. K\u00e4esolev privaatsuspoliitika ei kehti kolmandate isikute hallatavate veebiteenuste kohta.<\/p>\n\n\n\n<p><strong>2. Andmete kogumine<\/strong><\/p>\n\n\n\n<p>2.1. Esitatud isikuandmed<\/p>\n\n\n\n<p>Teie isikuandmete avaldamine ei ole reeglina meie veebiteenuste kasutamiseks vajalik. Kui aga isikuandmete (nimi, postiaadress v\u00f5i e-posti aadress) kogumine on vajalik, toimub see v\u00f5imaluste piires vabatahtlikkuse alusel. N\u00e4iteks kui soovite saada meie veebisaidilt uudiskirja, k\u00fcsime teilt teie e-posti aadressi ja muud teavet, mis aitab meil tuvastada, et see e-posti aadress kuulub teile.<\/p>\n\n\n\n<p>2.2. Automaatselt kogutud teave<\/p>\n\n\n\n<p>Andmete turvalisuse tagamiseks ja kasutajakogemuse parandamiseks kogume oma veebiteenuste kasutamisel ka mitteisikulist teavet. N\u00e4iteks salvestatakse andmed teie kasutatava veebibrauseri, operatsioonis\u00fcsteemi ja domeeninime kohta, mida k\u00fclastasite vahetult enne meie veebisaidile j\u00f5udmist; samuti teave selle kohta, mitu korda olete meie veebisaiti k\u00fclastanud, kui palju aega olete meie veebilehel keskmiselt veetnud ja milliseid alamlehti olete vaadanud. Selliseid automaatselt kogutud andmeid ei seostata muudest andmeallikatest kogutud andmetega. Siiski j\u00e4tame endale \u00f5iguse need andmed hiljem \u00fcle vaadata, kui saame konkreetseid vihjeid ebaseadusliku tegevuse kohta.<\/p>\n\n\n\n<p>2.3. Veebikasutuse anal\u00fc\u00fcs<\/p>\n\n\n\n<p>Funktsionaalsuse pidevaks optimeerimiseks ja kasutajas\u00f5bralikkuse maksimeerimiseks kasutavad m\u00f5ned meie veebiteenused j\u00e4rgmisi veebianal\u00fc\u00fctika teenuseid ja sotsiaalmeedia pistikprogramme. Sellistel eesm\u00e4rkidel kasutatavad andmed on alati mitteisikulised. Standardi privaatsuspoliitika ei kehti kolmandate isikute hallatavatele veebiteenustele. Teenuste hulka kuuluvad: Google Analytics (<a href=\"https:\/\/marketingplatform.google.com\/about\/analytics\/terms\/gb\/\" target=\"_blank\" rel=\"noopener\">Google Analytics kasutustingimused<\/a> ja <a href=\"https:\/\/policies.google.com\/\" target=\"_blank\" rel=\"noopener\">Google privaatsuspoliitika<\/a>), Facebooki pistikprogrammid st &#8220;Jagamisnupp&#8221; (<a href=\"https:\/\/www.facebook.com\/privacy\/policy\/?entry_point=data_policy_redirect&amp;entry=0\" target=\"_blank\" rel=\"noopener\">Facebooki privaatsuspoliitika<\/a>), YouTube (<a href=\"https:\/\/policies.google.com\/privacy?hl=en-US\" target=\"_blank\" rel=\"noopener\">YouTube&#8217;i privaatsuspoliitika<\/a>) ja LinkedIn (<a href=\"https:\/\/www.linkedin.com\/legal\/privacy-policy\" target=\"_blank\" rel=\"noopener\">LinkedIni privaatsuspoliitika<\/a>). <\/p>\n\n\n\n<p><strong>3. Isikuandmete kasutamine<\/strong><\/p>\n\n\n\n<p>Teie esitatud andmeid kasutatakse ainult konkreetsetel eesm\u00e4rkidel.<\/p>\n\n\n\n<p>Need eesm\u00e4rgid on:<\/p>\n\n\n\n<ul class=\"wp-block-list\">\n<li>Meie veebiteenuste pakkumine, t\u00e4iustamine ja toetamine. See h\u00f5lmab andmete anal\u00fc\u00fcsimist, kasutustrendide tuvastamist ja kasutusmustrite arvutamist ning statistikat.<\/li>\n\n\n\n<li>Turundus. Teie isikuandmeid kasutatakse ainult turunduseesm\u00e4rkidel, n\u00e4iteks arvustuste ja reklaamikampaaniate jaoks juhul, kui olete selleks n\u00f5usoleku andnud. Sellisel juhul s\u00e4ilitatakse teie andmeid \u00fcks aasta, v\u00e4lja arvatud juhul, kui nende pikem s\u00e4ilitamine on muudel p\u00f5hjustel seadusega lubatud. V\u00f5ite igal ajal tagasi v\u00f5tta n\u00f5usoleku kasutada oma isikuandmeid turunduseesm\u00e4rkidel. Lisateabe saamiseks vaadake punkti 5.<\/li>\n\n\n\n<li>Infolehtede saatmine. Kui t\u00e4idate meie uudiskirjaga liitumise vormi, kasutame teie sisestatud andmeid ainult selleks, et kontrollida, kas sisestatud e-posti aadress kuulub teile ja kas soovite uudiskirja saada, e-posti nimekirja koostamiseks ja uudiskirja kasutamise anal\u00fc\u00fcsimiseks. Sellisel juhul s\u00e4ilitatakse teie andmeid \u00fche aasta jooksul p\u00e4rast tellimuse l\u00f5ppu, v\u00e4lja arvatud juhul, kui nende pikem s\u00e4ilitamine on muudel p\u00f5hjustel seadusega lubatud. Kasutame teie andmeid muudel eesm\u00e4rkidel ainult siis, kui olete sellise kasutamisega n\u00f5ustunud.<\/li>\n\n\n\n<li>Aruannete v\u00f5i muu infomaterjali tellimine. Kui tellite meilt aruandeid v\u00f5i muud teavet, kasutatakse teie esitatud isikuandmeid ainult teie tellimuse t\u00f6\u00f6tlemiseks ja seej\u00e4rel s\u00e4ilitatakse neid maksimaalselt \u00fcks aasta. V\u00f5ime teie tellimuste t\u00e4itmiseks kasutada kolmanda osapoole teenuseid, kellele edastame teie andmed ainult teie tellimuse t\u00e4itmiseks. Kasutame teie isikuandmeid muudel eesm\u00e4rkidel ainult siis, kui olete selleks n\u00f5usoleku andnud.<\/li>\n\n\n\n<li>Kontaktvormi kasutamine. Kui kasutate p\u00e4ringu esitamiseks kontaktivormi, kasutatakse teie esitatud andmeid, sealhulgas teie kontaktandmeid, p\u00e4ringu t\u00f6\u00f6tlemiseks ja salvestatakse edasiseks kasutamiseks, kui on vaja j\u00e4relmeetmeid. Kui see on teie taotluse t\u00f6\u00f6tlemiseks vajalik, v\u00f5ime edastada teie isikuandmeid ka asjaomastele kolmandatele isikutele. Teie isikuandmeid s\u00e4ilitatakse nii kaua, kuni see on taotluse t\u00f6\u00f6tlemiseks vajalik ja maksimaalselt \u00fcks aasta, v\u00e4lja arvatud juhul, kui nende pikem s\u00e4ilitamine on muudel p\u00f5hjustel seadusega lubatud.<\/li>\n<\/ul>\n\n\n\n<p><strong>4. Isikuandmete edastamine ja avalikustamine<\/strong><\/p>\n\n\n\n<p>S\u00f5ltuvalt teie soovitud tegevuse liigist (nagu tagasihelistamine, tellimuse esitamine, teenuste v\u00f5i teabe tellimine jne) v\u00f5ime edastada teie andmeid tellimuse t\u00e4itmisega seotud kolmandatele osapooltele (nt postim\u00fc\u00fcgifirmad jne). Meilt v\u00f5idakse n\u00f5uda ka isikuandmete avaldamist seoses seadusest tulenevate n\u00f5uete ja \u00f5igustega v\u00f5i lepinguliste kohustustega.<\/p>\n\n\n\n<p>* Andmete edastamine kolmandatele isikutele: teatud tellimuste t\u00e4itmisel ja teatud teenuste osutamisel teeme koost\u00f6\u00f6d v\u00e4liste teenusepakkujatega (nt ekspediitorid). Sellistel teenusepakkujatel on lubatud kasutada v\u00f5i edastada meie kogutavaid ja t\u00f6\u00f6deldavaid andmeid ainult tavatellimuste t\u00e4itmiseks.<\/p>\n\n\n\n<p>*Seaduste ja muude sarnaste kohustuste t\u00e4itmine: edastame teie isikuandmeid selleks, et:<\/p>\n\n\n\n<ul class=\"wp-block-list\">\n<li>j\u00e4rgida ja t\u00e4ita seaduseid, n\u00f5udeid, ametlikke eeskirju v\u00f5i kohustuslikke meetmeid;<\/li>\n\n\n\n<li>tuvastada ja ennetada turvariske, pettusi ja muid pahatahtlikke tegevusi;<\/li>\n\n\n\n<li>kaitsta ja\/v\u00f5i kasutada Standardi v\u00f5i kolmandate isikute \u00f5igusi ja vara;<\/li>\n\n\n\n<li>kaitsta meie t\u00f6\u00f6tajate ja kolmandate isikute \u00f5igusi ja turvalisust.<\/li>\n<\/ul>\n\n\n\n<p><strong>5. \u00d5igus isikuandmete teabele, tagasiv\u00f5tmisele ja kustutamisele<\/strong><\/p>\n\n\n\n<p>Teil on \u00f5igus n\u00f5uda kirjalikku teavet oma isikuandmete kohta, mida oleme s\u00e4ilitanud. Samuti on teil \u00f5igus n\u00f5uda oma isikuandmete parandamist, kustutamist, peitmist v\u00f5i t\u00f6\u00f6tlemise piiramist ning esitada kaebus Andmekaitseametile. Selliste taotluste ja muude k\u00fcsimuste korral vaadake jaotises 7 olevaid kontaktandmeid. Kui olete meie uudiskirjaga liitunud, saate sellest tellimusest loobuda, kl\u00f5psates uudiskirja tekstil &#8220;Uudiskirja saajate nimekirjast lahkumiseks kl\u00f5psake siin&#8221; v\u00f5i saates meile e-kirja. Kui soovite oma andmete salvestamise v\u00f5i kasutamise n\u00f5usoleku tagasi v\u00f5tta, saate seda teha e-posti teel, kirjutades sooviavalduse aadressil <a href=\"mailto:standard@standard.ee\">standard@standard.ee<\/a>.<\/p>\n\n\n\n<p><strong>6. Andmete turvalisus<\/strong><\/p>\n\n\n\n<p>Standard kasutab teie isikuandmete konfidentsiaalsuse ja terviklikkuse tagamiseks laia valikut andmeturbemeetmeid. Arvestades Interneti arhitektuuri, juhime aga teie t\u00e4helepanu asjaolule, et andmete edastamisel Internetis (nt e-postis) v\u00f5ib esineda turvaauke ning andmete absoluutne kaitse kolmandate isikute eest pole v\u00f5imalik.<\/p>\n\n\n\n<p><strong>7. Kontakt<\/strong><\/p>\n\n\n\n<p>K\u00f5ik selle privaatsuspoliitika v\u00f5i oma andmete t\u00f6\u00f6tlemisega seotud k\u00fcsimused saatke aadressile:<\/p>\n\n\n\n<p>Standard AS, Pikk tn 107, 75101, Kose, Harjumaa, Eesti.<\/p>\n","protected":false},"excerpt":{"rendered":"<p>Teie privaatsuse ja isikuandmete kaitsmine on oluline teema, millele p\u00f6\u00f6rame t\u00e4helepanu k\u00f5igis oma \u00e4risuhetes. Austame teie isikuandmete konfidentsiaalsust ja tegutseme alati koosk\u00f5las andmekaitseseaduse ja k\u00e4esoleva privaatsuspoliitikaga. 1. Privaatsuspoliitika ulatus K\u00e4esoleva privaatsuspoliitika eesm\u00e4rk on anda teavet selle kohta, kuidas AS Standard (edaspidi Standard) kasutab isikuandmeid, millist teavet kasutajate kohta kogutakse Standardi veebisaitidel, veebirakendustes ja mobiiliplatvormidel (veebiteenused), [&hellip;]<\/p>\n","protected":false},"author":152,"featured_media":0,"parent":0,"menu_order":0,"comment_status":"closed","ping_status":"closed","template":"","meta":{"_acf_changed":false,"_themeisle_gutenberg_block_has_review":false,"footnotes":""},"class_list":["post-59977","page","type-page","status-publish","hentry"],"acf":[],"_links":{"self":[{"href":"https:\/\/www.standard.ee\/en\/wp-json\/wp\/v2\/pages\/59977","targetHints":{"allow":["GET"]}}],"collection":[{"href":"https:\/\/www.standard.ee\/en\/wp-json\/wp\/v2\/pages"}],"about":[{"href":"https:\/\/www.standard.ee\/en\/wp-json\/wp\/v2\/types\/page"}],"author":[{"embeddable":true,"href":"https:\/\/www.standard.ee\/en\/wp-json\/wp\/v2\/users\/152"}],"replies":[{"embeddable":true,"href":"https:\/\/www.standard.ee\/en\/wp-json\/wp\/v2\/comments?post=59977"}],"version-history":[{"count":3,"href":"https:\/\/www.standard.ee\/en\/wp-json\/wp\/v2\/pages\/59977\/revisions"}],"predecessor-version":[{"id":113959,"href":"https:\/\/www.standard.ee\/en\/wp-json\/wp\/v2\/pages\/59977\/revisions\/113959"}],"wp:attachment":[{"href":"https:\/\/www.standard.ee\/en\/wp-json\/wp\/v2\/media?parent=59977"}],"curies":[{"name":"wp","href":"https:\/\/api.w.org\/{rel}","templated":true}]}}